{"id":65,"date":"2023-05-31T19:56:09","date_gmt":"2023-05-31T19:56:09","guid":{"rendered":"https:\/\/www.4caro.si\/?page_id=65"},"modified":"2023-05-31T20:39:59","modified_gmt":"2023-05-31T20:39:59","slug":"vizija","status":"publish","type":"page","link":"https:\/\/www.4caro.si\/?page_id=65","title":{"rendered":"Vizija"},"content":{"rendered":"\n<p><\/p>\n\n\n\n<p>Spreminjamo na\u010din razmi\u0161ljanja sveta o avtomobilih. Pri podjetju 4Caro, d.o.o., spreminjamo na\u010din, kako ljudje razmi\u0161ljajo o elektri\u010dnih avtomobilih. Na\u0161 cilj je, da lastni\u0161tvo elektri\u010dnega avtomobila postane enostavno in preprosto, z zagotavljanjem najbolj zanesljivih in zmogljivih elektri\u010dnih avtomobilov na trgu. Ponujamo \u0161iroko izbiro modelov, ki so idealni za va\u0161e vsakodnevne potrebe.<\/p>\n\n\n\n<p>Verjamemo, da so elektri\u010dni avtomobili prihodnost in da bi vsakdo moral u\u017eivati v prednostih souporabe enega. Trudimo se narediti elektri\u010dne avtomobile bolj dostopne ter \u0161iriti ozave\u0161\u010denost o njihovih potencialnih okoljskih koristih. Pokli\u010dite nas, da vidite, kako vam lahko pomagamo danes priti do uporabe elektri\u010dnega avtomobila.<\/p>\n\n\n\n<p>ODKLENITE SVOBODO AVTONOMNE VO\u017dNJE<\/p>\n\n\n\n<p>Pri podjetju 4Caro, d.o.o je na\u0161a misija revolucionirati na\u010din, kako se premikamo. Specializirani smo za elektri\u010dne mobilnostne re\u0161itve, ki so zasnovane za hitrej\u0161e, \u010distej\u0161e in bolj u\u010dinkovito premikanje. Na\u0161a edinstvena tehnologija omogo\u010da avtonomno vo\u017enjo, kar vam omogo\u010da za\u0161\u010dito zasebnosti, obenem pa u\u017eivate v udobju na\u0161ih vozil.<\/p>\n\n\n\n<p>Ne glede na to, ali i\u0161\u010dete avtomobil, kolo ali skuter, 4Caro, d.o.o ima re\u0161itev za vas. Na\u0161a vozila so oblikovana tako, da so elegantna, udobna in zanesljiva, ter so primerna tako za kratka kot dalj\u0161a potovanja. Do\u017eivite prihodnost mobilnosti z 4Caro, d.o.o.<\/p>\n\n\n\n<p><\/p>\n","protected":false},"excerpt":{"rendered":"<p>Spreminjamo na\u010din razmi\u0161ljanja sveta o avtomobilih. Pri podjetju 4Caro, d.o.o., spreminjamo na\u010din, kako ljudje razmi\u0161ljajo o elektri\u010dnih avtomobilih. Na\u0161 cilj je, da lastni\u0161tvo elektri\u010dnega avtomobila postane enostavno in preprosto, z zagotavljanjem najbolj zanesljivih in zmogljivih elektri\u010dnih avtomobilov na trgu. Ponujamo \u0161iroko izbiro modelov, ki so idealni za va\u0161e vsakodnevne potrebe. Verjamemo, da so elektri\u010dni avtomobili&hellip; <a class=\"more-link\" href=\"https:\/\/www.4caro.si\/?page_id=65\">Continue reading <span class=\"screen-reader-text\">Vizija<\/span><\/a><\/p>\n","protected":false},"author":1,"featured_media":86,"parent":0,"menu_order":0,"comment_status":"closed","ping_status":"closed","template":"","meta":{"footnotes":""},"_links":{"self":[{"href":"https:\/\/www.4caro.si\/index.php?rest_route=\/wp\/v2\/pages\/65"}],"collection":[{"href":"https:\/\/www.4caro.si\/index.php?rest_route=\/wp\/v2\/pages"}],"about":[{"href":"https:\/\/www.4caro.si\/index.php?rest_route=\/wp\/v2\/types\/page"}],"author":[{"embeddable":true,"href":"https:\/\/www.4caro.si\/index.php?rest_route=\/wp\/v2\/users\/1"}],"replies":[{"embeddable":true,"href":"https:\/\/www.4caro.si\/index.php?rest_route=%2Fwp%2Fv2%2Fcomments&post=65"}],"version-history":[{"count":1,"href":"https:\/\/www.4caro.si\/index.php?rest_route=\/wp\/v2\/pages\/65\/revisions"}],"predecessor-version":[{"id":66,"href":"https:\/\/www.4caro.si\/index.php?rest_route=\/wp\/v2\/pages\/65\/revisions\/66"}],"wp:featuredmedia":[{"embeddable":true,"href":"https:\/\/www.4caro.si\/index.php?rest_route=\/wp\/v2\/media\/86"}],"wp:attachment":[{"href":"https:\/\/www.4caro.si\/index.php?rest_route=%2Fwp%2Fv2%2Fmedia&parent=65"}],"curies":[{"name":"wp","href":"https:\/\/api.w.org\/{rel}","templated":true}]}}