{"id":20,"date":"2023-05-31T08:40:57","date_gmt":"2023-05-31T08:40:57","guid":{"rendered":"https:\/\/www.4caro.si\/?page_id=20"},"modified":"2023-05-31T20:32:43","modified_gmt":"2023-05-31T20:32:43","slug":"about","status":"publish","type":"page","link":"https:\/\/www.4caro.si\/?page_id=20","title":{"rendered":"O nas"},"content":{"rendered":"\n<p>NA\u0160A POT <\/p>\n\n\n\n<p class=\"has-text-align-center\">Ste pripravljeni na vo\u017enjo v prihodnost prometa? \u010ce je temu tako, je podjetje 4Caro, d.o.o popolno mesto za za\u010detek. Smo specializirani za elektri\u010dno mobilnost in si prizadevamo zagotoviti, da imajo na\u0161e stranke najbolj\u0161o mo\u017eno izku\u0161njo.<\/p>\n\n\n\n<p class=\"has-text-align-center\">Ponujamo \u0161iroko izbiro elektri\u010dnih vozil vodilnih blagovnih znamk in strastno se trudimo zagotoviti na\u0161im strankam najbolj\u0161o mo\u017eno storitev. Pridite in sami do\u017eivite mo\u010d elektri\u010dne mobilnosti &#8211; morate jo preizkusiti, da bi verjeli vanjo.<\/p>\n\n\n\n<p class=\"has-text-align-center\">ZAKAJ IZBRATI 4Caro, d.o.o. <\/p>\n\n\n\n<p class=\"has-text-align-center\">Druga\u010den pristop, uporaba nove metode vo\u017enje. Pri podjetju 4Caro, d.o.o., verjamemo, da bi morala biti elektri\u010dna mobilnost dostopna in cenovno ugodna za vse. Zavezani smo zagotavljanju \u0161iroke palete elektri\u010dnih vozil, ki so tako elegantna kot funkcionalna. Na\u0161i izdelki so prilagojeni, da zadovoljijo potrebe posameznika, in na\u0161a misija je revolucionirati na\u010din, kako se ljudje premikajo.<\/p>\n\n\n\n<p class=\"has-text-align-center\">Prav tako si prizadevamo prina\u0161ati revolucionaren pristop v industrijo elektri\u010dnih vozil, ustvarjati prostor, kjer se lahko ljudje zberejo in razpravljajo o prihodnosti elektri\u010dne mobilnosti. Z 4Caro, d.o.o, lahko pomagate oblikovati prihodnost elektri\u010dnih vozil in se pridru\u017eite gibanju.<\/p>\n","protected":false},"excerpt":{"rendered":"<p>NA\u0160A POT Ste pripravljeni na vo\u017enjo v prihodnost prometa? \u010ce je temu tako, je podjetje 4Caro, d.o.o popolno mesto za za\u010detek. Smo specializirani za elektri\u010dno mobilnost in si prizadevamo zagotoviti, da imajo na\u0161e stranke najbolj\u0161o mo\u017eno izku\u0161njo. Ponujamo \u0161iroko izbiro elektri\u010dnih vozil vodilnih blagovnih znamk in strastno se trudimo zagotoviti na\u0161im strankam najbolj\u0161o mo\u017eno storitev.&hellip; <a class=\"more-link\" href=\"https:\/\/www.4caro.si\/?page_id=20\">Continue reading <span class=\"screen-reader-text\">O nas<\/span><\/a><\/p>\n","protected":false},"author":1,"featured_media":81,"parent":0,"menu_order":0,"comment_status":"closed","ping_status":"closed","template":"","meta":{"footnotes":""},"_links":{"self":[{"href":"https:\/\/www.4caro.si\/index.php?rest_route=\/wp\/v2\/pages\/20"}],"collection":[{"href":"https:\/\/www.4caro.si\/index.php?rest_route=\/wp\/v2\/pages"}],"about":[{"href":"https:\/\/www.4caro.si\/index.php?rest_route=\/wp\/v2\/types\/page"}],"author":[{"embeddable":true,"href":"https:\/\/www.4caro.si\/index.php?rest_route=\/wp\/v2\/users\/1"}],"replies":[{"embeddable":true,"href":"https:\/\/www.4caro.si\/index.php?rest_route=%2Fwp%2Fv2%2Fcomments&post=20"}],"version-history":[{"count":5,"href":"https:\/\/www.4caro.si\/index.php?rest_route=\/wp\/v2\/pages\/20\/revisions"}],"predecessor-version":[{"id":67,"href":"https:\/\/www.4caro.si\/index.php?rest_route=\/wp\/v2\/pages\/20\/revisions\/67"}],"wp:featuredmedia":[{"embeddable":true,"href":"https:\/\/www.4caro.si\/index.php?rest_route=\/wp\/v2\/media\/81"}],"wp:attachment":[{"href":"https:\/\/www.4caro.si\/index.php?rest_route=%2Fwp%2Fv2%2Fmedia&parent=20"}],"curies":[{"name":"wp","href":"https:\/\/api.w.org\/{rel}","templated":true}]}}